{"id":589,"date":"2023-02-22T23:47:10","date_gmt":"2023-02-22T23:47:10","guid":{"rendered":"https:\/\/pruebaswhisper.xyz\/dies\/profesionales\/?page_id=589"},"modified":"2023-03-27T15:32:15","modified_gmt":"2023-03-27T15:32:15","slug":"servicios","status":"publish","type":"page","link":"https:\/\/diesiluminacion.mx\/profesionales\/servicios\/","title":{"rendered":"Servicios"},"content":{"rendered":"<section class=\"wpb-content-wrapper\"><p>[vc_row overlay_dotted=\u00bb\u00bb css=\u00bb.vc_custom_1548997454479{padding-bottom: 2% !important;}\u00bb][vc_column]<div class=\"xrton-process process-style-two  xrton-process-69e17d3f86203 \">\r\n    \t\t\t\t\t\t\t\t<div class=\"container\">\r\n\t\t\t\t\t\t\t\t\t\t\t<div class=\"process-wrap  remove-shadow \"  style=\"background-image: url();\">\r\n\t\t\t\t\t\t\t\t\t\t\t\t<div class=\"row\">\r\n\t\t\t\t\t\t\t\t\t\t\t\t\t<div class=\"col-lg-7\">\r\n\t\t\t\t\t\t\t\t\t\t\t\t\t\t<div class=\"process-wrap-info\">\r\n\t\t\t\t\t\t\t\t\t\t\t\t\t\t\t<div class=\"section-title-wrap section-title-style-two\"><h2 class=\"section-title\">Abordamos dise\u00f1os de iluminaci\u00f3n desafiantes<\/h2><\/div><p>Nuestro trabajo es encontrar los elementos, luminarias, distribuci\u00f3n, intensidades, contrastes adecuados para crear una atm\u00f3sfera que empate con la arquitectura, destaque la intenci\u00f3n de dise\u00f1o y cree un ambiente acorde al uso del espacio<\/p>\n<p>Una de nuestras ventajas es que somos distribuidores de muchas marcas, por lo que podemos ofrecer una gran gama de lineas de productos, soluciones y variedad en precios sin estar atados a un producto.<\/p><div class=\"xrton-btns-group\"><a href=\"#whatsapp\" class=\"xrton-btn\" target=\"_blank\"><span>Cont\u00e1ctenos<\/span><\/a><\/div>\r\n\t\t\t\t\t\t\t\t\t\t\t\t\t\t<\/div>\r\n\t\t\t\t\t\t\t\t\t\t\t\t\t<\/div>\r\n\t\t\t\t\t\t\t\t\t\t\t\t\t<div class=\"col-lg-5\"><div class=\"process-item\">\r\n\t                \t\t<div class=\"xrton-icon\">\r\n                          <div class=\"xrton-table-wrap\">\r\n                            <div class=\"xrton-align-wrap\">\r\n                              <img decoding=\"async\" src=\"https:\/\/diesiluminacion.mx\/profesionales\/wp-content\/uploads\/2023\/02\/0-Diseno-de-iluminacion.png\" alt=\"-\" title=\"-\">\r\n                            <\/div>\r\n                          <\/div>\r\n                        <\/div>\r\n\t                    <div class=\"process-info\">\r\n\t\t\t                <h4 class=\"process-title\"><a href=\"#\" target=\"_self\">DISE\u00d1O DE ILUMINACI\u00d3N<\/a><\/h4><p>Ayudamos a crear ambientes, emociones a destacar el espacio con iluminaci\u00f3n. Creamos el proyecto ejecutivo.<\/p>\r\n\t\t\t                <\/div>\r\n\t\t\t              <\/div><div class=\"process-item\">\r\n\t                \t\t<div class=\"xrton-icon\">\r\n                          <div class=\"xrton-table-wrap\">\r\n                            <div class=\"xrton-align-wrap\">\r\n                              <img decoding=\"async\" src=\"https:\/\/diesiluminacion.mx\/profesionales\/wp-content\/uploads\/2023\/02\/0-Calculos-de-iluminacion.png\" alt=\"-\" title=\"-\">\r\n                            <\/div>\r\n                          <\/div>\r\n                        <\/div>\r\n\t                    <div class=\"process-info\">\r\n\t\t\t                <h4 class=\"process-title\"><a href=\"#\" target=\"_self\">C\u00c1LCULOS DE ILUMINACI\u00d3N<\/a><\/h4><p>Determinamos los niveles de iluminaci\u00f3n seg\u00fan norma y realizamos el c\u00e1lculo.<\/p>\r\n\t\t\t                <\/div>\r\n\t\t\t              <\/div><div class=\"process-item\">\r\n\t                \t\t<div class=\"xrton-icon\">\r\n                          <div class=\"xrton-table-wrap\">\r\n                            <div class=\"xrton-align-wrap\">\r\n                              <img decoding=\"async\" src=\"https:\/\/diesiluminacion.mx\/profesionales\/wp-content\/uploads\/2023\/02\/0-Renders-y-Consultoria.png\" alt=\"-\" title=\"-\">\r\n                            <\/div>\r\n                          <\/div>\r\n                        <\/div>\r\n\t                    <div class=\"process-info\">\r\n\t\t\t                <h4 class=\"process-title\"><a href=\"#\" target=\"_self\">RENDERS Y CONSULTOR\u00cdA<\/a><\/h4><p>Visualizaci\u00f3n y renders, consultor\u00eda en gasto energ\u00e9tico por iluminaci\u00f3n.<\/p>\r\n\t\t\t                <\/div>\r\n\t\t\t              <\/div><\/div><\/div><\/div><\/div><\/div>[\/vc_column][\/vc_row][vc_row full_width=\u00bbstretch_row_content_no_spaces\u00bb overlay_dotted=\u00bb\u00bb el_id=\u00bbdivservicios5&#8243;][vc_column]<section class=\"xrton-services services-full-width service-style-one  xrton-service-69e17d3f865ef \"><div class=\"container\"><div class=\"row\"><div class=\"service-item column-5\">\r\n                      <div class=\"xrton-image\">\r\n                        <img decoding=\"async\" src=\"https:\/\/diesiluminacion.mx\/profesionales\/wp-content\/uploads\/2019\/01\/service1.png\" alt=\"-\" title=\"-\">\r\n                        <div class=\"service-info\">\r\n                          <div class=\"service-info-wrap\">\r\n                            <div class=\"xrton-icon\"><img decoding=\"async\" src=\"https:\/\/diesiluminacion.mx\/profesionales\/wp-content\/uploads\/2023\/02\/iluminancia-amarillo@2x.png\" alt=\"-\" title=\"-\"><\/div>\r\n                            <h4 class=\"service-title\"><a href=\"#\" target=\"_self\" >Iluminancia<\/a><\/h4>\r\n                            <p>Consiste en determinar la iluminaci\u00f3n total emitida por las luminarias, tiene que ver con conseguir niveles adecuados para el espacio o tarea.<\/p>\r\n                            <div class=\"xrton-btns-group\"><a href=\"#\" class=\"xrton-btn xrton-transparent-btn\"><span>Read More<\/span><\/a><\/div>\r\n                          <\/div>\r\n                        <\/div>\r\n                      <\/div>\r\n                    <\/div><div class=\"service-item column-5\">\r\n                      <div class=\"xrton-image\">\r\n                        <img decoding=\"async\" src=\"https:\/\/diesiluminacion.mx\/profesionales\/wp-content\/uploads\/2019\/01\/service1.png\" alt=\"-\" title=\"-\">\r\n                        <div class=\"service-info\">\r\n                          <div class=\"service-info-wrap\">\r\n                            <div class=\"xrton-icon\"><img decoding=\"async\" src=\"https:\/\/diesiluminacion.mx\/profesionales\/wp-content\/uploads\/2023\/02\/color-temperatura-amarillo@2x.png\" alt=\"-\" title=\"-\"><\/div>\r\n                            <h4 class=\"service-title\"><a href=\"#\" target=\"_self\" >Color y temperatura de la luz<\/a><\/h4>\r\n                            <p>Ayuda a crear la atm\u00f3sfera del lugar, cuando se trabaja con colores crea capas visuales y separaci\u00f3n del espacio.<\/p>\r\n                            <div class=\"xrton-btns-group\"><a href=\"#\" class=\"xrton-btn xrton-transparent-btn\"><span>Read More<\/span><\/a><\/div>\r\n                          <\/div>\r\n                        <\/div>\r\n                      <\/div>\r\n                    <\/div><div class=\"service-item column-5\">\r\n                      <div class=\"xrton-image\">\r\n                        <img decoding=\"async\" src=\"https:\/\/diesiluminacion.mx\/profesionales\/wp-content\/uploads\/2019\/01\/service1.png\" alt=\"-\" title=\"-\">\r\n                        <div class=\"service-info\">\r\n                          <div class=\"service-info-wrap\">\r\n                            <div class=\"xrton-icon\"><img decoding=\"async\" src=\"https:\/\/diesiluminacion.mx\/profesionales\/wp-content\/uploads\/2023\/02\/altura-amarillo@2x.png\" alt=\"-\" title=\"-\"><\/div>\r\n                            <h4 class=\"service-title\"><a href=\"#\" target=\"_self\" >Altura de instalaci\u00f3n<\/a><\/h4>\r\n                            <p>Tiene que ver con sensaci\u00f3n espacial, cobertura de la luz y sensaci\u00f3n de espacio \u00edntimo o general.<\/p>\r\n                            <div class=\"xrton-btns-group\"><a href=\"#\" class=\"xrton-btn xrton-transparent-btn\"><span>Read More<\/span><\/a><\/div>\r\n                          <\/div>\r\n                        <\/div>\r\n                      <\/div>\r\n                    <\/div><div class=\"service-item column-5\">\r\n                      <div class=\"xrton-image\">\r\n                        <img decoding=\"async\" src=\"https:\/\/diesiluminacion.mx\/profesionales\/wp-content\/uploads\/2019\/01\/service1.png\" alt=\"-\" title=\"-\">\r\n                        <div class=\"service-info\">\r\n                          <div class=\"service-info-wrap\">\r\n                            <div class=\"xrton-icon\"><img decoding=\"async\" src=\"https:\/\/diesiluminacion.mx\/profesionales\/wp-content\/uploads\/2023\/02\/densidad-amarillo@2x.png\" alt=\"-\" title=\"-\"><\/div>\r\n                            <h4 class=\"service-title\"><a href=\"#\" target=\"_self\" >Densidad de luminarias<\/a><\/h4>\r\n                            <p>Define el ritmo del espacio y juega con la superposici\u00f3n de la luz y los contrastes. <\/p>\r\n                            <div class=\"xrton-btns-group\"><a href=\"#\" class=\"xrton-btn xrton-transparent-btn\"><span>Read More<\/span><\/a><\/div>\r\n                          <\/div>\r\n                        <\/div>\r\n                      <\/div>\r\n                    <\/div><div class=\"service-item column-5\">\r\n                      <div class=\"xrton-image\">\r\n                        <img decoding=\"async\" src=\"https:\/\/diesiluminacion.mx\/profesionales\/wp-content\/uploads\/2019\/01\/service1.png\" alt=\"-\" title=\"-\">\r\n                        <div class=\"service-info\">\r\n                          <div class=\"service-info-wrap\">\r\n                            <div class=\"xrton-icon\"><img decoding=\"async\" src=\"https:\/\/diesiluminacion.mx\/profesionales\/wp-content\/uploads\/2023\/02\/direccion-amarillo@2x.png\" alt=\"-\" title=\"-\"><\/div>\r\n                            <h4 class=\"service-title\"><a href=\"#\" target=\"_self\" >Direcci\u00f3n y distribuci\u00f3n<\/a><\/h4>\r\n                            <p>La forma en que la luz es entregada: directa, indirecta, hacia abajo, hacia arriba, difusa, puntual, etc, controla los niveles de jerarqu\u00eda, contraste y drama del espacio.<\/p>\r\n                            <div class=\"xrton-btns-group\"><a href=\"#\" class=\"xrton-btn xrton-transparent-btn\"><span>Read More<\/span><\/a><\/div>\r\n                          <\/div>\r\n                        <\/div>\r\n                      <\/div>\r\n                    <\/div><\/div><\/div><\/section>[\/vc_column][\/vc_row][vc_row full_width=\u00bbstretch_row_content_no_spaces\u00bb disable_element=\u00bbyes\u00bb overlay_dotted=\u00bb\u00bb css=\u00bb.vc_custom_1677181248942{padding-top: 8% !important;padding-bottom: 6% !important;background-color: #000000 !important;}\u00bb][vc_column]<section class=\"xrton-services services-style-two  xrton-service-69e17d3f86d24 \"><div class=\"container\"> <div class=\"section-title-wrap\"><h2 class=\"section-title\">What we do<\/h2><\/div><div class=\"row\"><div class=\"col-lg-3 col-md-6\">\r\n                      <div class=\"service-item \">\r\n                        <div class=\"xrton-image\">\r\n                          <img decoding=\"async\" src=\"https:\/\/diesiluminacion.mx\/profesionales\/wp-content\/uploads\/2019\/01\/service1-270x270.png\" alt=\"-\" title=\"-\">\r\n                          <div class=\"service-info\">\r\n                            <div class=\"xrton-table-wrap\">\r\n                              <div class=\"xrton-align-wrap\">\r\n                                <div class=\"xrton-icon\"><img decoding=\"async\" src=\"https:\/\/diesiluminacion.mx\/profesionales\/wp-content\/uploads\/2019\/01\/service-image-retina-1.png\" alt=\"-\" title=\"-\"><\/div>\r\n                                <h4 class=\"service-title\">Interior Design<\/h4>\r\n                                <p>Enhancing the interior of a building to achieve a healthier environment for it.<\/p>\r\n                              <\/div>\r\n                            <\/div>\r\n                          <\/div>\r\n                        <\/div>\r\n                      <\/div>\r\n                    <\/div><div class=\"col-lg-3 col-md-6\">\r\n                      <div class=\"service-item \">\r\n                        <div class=\"xrton-image\">\r\n                          <img decoding=\"async\" src=\"https:\/\/diesiluminacion.mx\/profesionales\/wp-content\/uploads\/2019\/01\/service1-270x270.png\" alt=\"-\" title=\"-\">\r\n                          <div class=\"service-info\">\r\n                            <div class=\"xrton-table-wrap\">\r\n                              <div class=\"xrton-align-wrap\">\r\n                                <div class=\"xrton-icon\"><img decoding=\"async\" src=\"https:\/\/diesiluminacion.mx\/profesionales\/wp-content\/uploads\/2019\/01\/service-image-retina-1.png\" alt=\"-\" title=\"-\"><\/div>\r\n                                <h4 class=\"service-title\">Decoration<\/h4>\r\n                                <p>It is the activity of making something look more attractive by putting things.<\/p>\r\n                              <\/div>\r\n                            <\/div>\r\n                          <\/div>\r\n                        <\/div>\r\n                      <\/div>\r\n                    <\/div><div class=\"col-lg-3 col-md-6\">\r\n                      <div class=\"service-item \">\r\n                        <div class=\"xrton-image\">\r\n                          <img decoding=\"async\" src=\"https:\/\/diesiluminacion.mx\/profesionales\/wp-content\/uploads\/2019\/01\/service1-270x270.png\" alt=\"-\" title=\"-\">\r\n                          <div class=\"service-info\">\r\n                            <div class=\"xrton-table-wrap\">\r\n                              <div class=\"xrton-align-wrap\">\r\n                                <div class=\"xrton-icon\"><img decoding=\"async\" src=\"https:\/\/diesiluminacion.mx\/profesionales\/wp-content\/uploads\/2019\/01\/service-image-retina-1.png\" alt=\"-\" title=\"-\"><\/div>\r\n                                <h4 class=\"service-title\">Flooring &amp; Tilings<\/h4>\r\n                                <p>Thin object any finished material applied over a floor structure to provide.<\/p>\r\n                              <\/div>\r\n                            <\/div>\r\n                          <\/div>\r\n                        <\/div>\r\n                      <\/div>\r\n                    <\/div><div class=\"col-lg-3 col-md-6\">\r\n                      <div class=\"service-item \">\r\n                        <div class=\"xrton-image\">\r\n                          <img decoding=\"async\" src=\"https:\/\/diesiluminacion.mx\/profesionales\/wp-content\/uploads\/2019\/01\/service1-270x270.png\" alt=\"-\" title=\"-\">\r\n                          <div class=\"service-info\">\r\n                            <div class=\"xrton-table-wrap\">\r\n                              <div class=\"xrton-align-wrap\">\r\n                                <div class=\"xrton-icon\"><img decoding=\"async\" src=\"https:\/\/diesiluminacion.mx\/profesionales\/wp-content\/uploads\/2019\/01\/service-image-retina-1.png\" alt=\"-\" title=\"-\"><\/div>\r\n                                <h4 class=\"service-title\">Lighting<\/h4>\r\n                                <p>The lighting in your house or office is the use of different electric lights to give life.<\/p>\r\n                              <\/div>\r\n                            <\/div>\r\n                          <\/div>\r\n                        <\/div>\r\n                      <\/div>\r\n                    <\/div><\/div><\/div><\/section>[\/vc_column][\/vc_row][vc_row disable_element=\u00bbyes\u00bb overlay_dotted=\u00bb\u00bb css=\u00bb.vc_custom_1677181255313{padding-top: 10% !important;padding-bottom: 8% !important;}\u00bb][vc_column need_animation=\u00bb\u00bb offset=\u00bbvc_col-lg-6 vc_col-md-12 vc_col-xs-12&#8243; css=\u00bb.vc_custom_1551178124314{margin-bottom: 5% !important;}\u00bb]\n    <!-- Xrton Faq -->\n    <section class=\"xrton-video xrton-video-69e17d3f88f9c  need-bg \">\n      <div class=\"container\">\n        <div class=\"row\">\n\n          <div class=\"col-lg-12\">\n            <div class=\"video-image\">\n              <div class=\"xrton-image\">\n\n                                  <img decoding=\"async\" src=\"https:\/\/diesiluminacion.mx\/profesionales\/wp-content\/uploads\/2019\/01\/port-image-9.jpg\" alt=\"-\" title=\"-\">\n                  <a href=\"https:\/\/player.vimeo.com\/video\/52184081?title=0&#038;byline=0&#038;portrait=0\" class=\"play-link xrton-popup-video\" rel=\"nofollow noopener\" target=\"_blank\"><i class=\"fa fa-play\"><\/i><\/a>\n                \n              <\/div>\n            <\/div>\n          <\/div>\n\n        <\/div>\n      <\/div>\n    <\/section>\n\n    [\/vc_column][vc_column need_animation=\u00bb\u00bb offset=\u00bbvc_col-lg-6 vc_col-md-12 vc_col-xs-12&#8243;]<div class=\"section-title-wrap  xrton-stitle-69e17d3f89119-frequent-questions caption-left no-need-bg  \"><h2 class=\"section-title\">Frequent Questions<\/h2><\/div>\n    <!-- Xrton Faq -->\n    <section class=\"xrton-faq\">\n      <div class=\"container\">\n        <div class=\"row\">\n          <div class=\"col-lg-12\">\n            <div class=\"faq-info xrton-tab-69e17d3f8913a\">\n\n              <div id=\"accordion\" class=\"accordion\">\n                \n                  <div class=\"card\">\n                    <div class=\"card-header\" id=\"heading-1\">\n                      <h5 class=\"accordion-title\">\n                        <a href=\"javascript:void(0);\" class=\"\" data-toggle=\"collapse\" data-target=\"#collapse-1\" aria-expanded=\"true\" aria-controls=\"#collapse-1\">\n                          Hiring an interior designer: How does it work?                        <\/a>\n                      <\/h5>\n                    <\/div>\n                    <div id=\"collapse-1\" class=\"collapse  show\" aria-labelledby=\"heading-1\" data-parent=\"#accordion\">\n                      <div class=\"card-body\">\n                        <p>All designers work differently. At Breeze Giannasio Interiors, first a short questionnaire and follow-up phone conversation will help us evaluate your project, and if we may be of help.<\/p>\n                      <\/div>\n                    <\/div>\n                  <\/div>\n\n                \n                  <div class=\"card\">\n                    <div class=\"card-header\" id=\"heading-2\">\n                      <h5 class=\"accordion-title\">\n                        <a href=\"javascript:void(0);\" class=\"collapsed\" data-toggle=\"collapse\" data-target=\"#collapse-2\" aria-expanded=\"true\" aria-controls=\"#collapse-2\">\n                          How do you charge?                                                <\/a>\n                      <\/h5>\n                    <\/div>\n                    <div id=\"collapse-2\" class=\"collapse \" aria-labelledby=\"heading-2\" data-parent=\"#accordion\">\n                      <div class=\"card-body\">\n                        <p>We maintain competitive design fees. There are a few ways that we charge but our design fee will typically have a combination of a fixed fee and hourly estimates.<\/p>\n                      <\/div>\n                    <\/div>\n                  <\/div>\n\n                \n                  <div class=\"card\">\n                    <div class=\"card-header\" id=\"heading-3\">\n                      <h5 class=\"accordion-title\">\n                        <a href=\"javascript:void(0);\" class=\"collapsed\" data-toggle=\"collapse\" data-target=\"#collapse-3\" aria-expanded=\"true\" aria-controls=\"#collapse-3\">\n                          What will our project cost?                                                <\/a>\n                      <\/h5>\n                    <\/div>\n                    <div id=\"collapse-3\" class=\"collapse \" aria-labelledby=\"heading-3\" data-parent=\"#accordion\">\n                      <div class=\"card-body\">\n                        <p>It depends on the level you wish to take your project. If you have a specific design fee budget in mind, we are more than happy to prepare a proposal, stating what we can offer, keeping within your budget.<\/p>\n                      <\/div>\n                    <\/div>\n                  <\/div>\n\n                \n                  <div class=\"card\">\n                    <div class=\"card-header\" id=\"heading-4\">\n                      <h5 class=\"accordion-title\">\n                        <a href=\"javascript:void(0);\" class=\"collapsed\" data-toggle=\"collapse\" data-target=\"#collapse-4\" aria-expanded=\"true\" aria-controls=\"#collapse-4\">\n                          How do we get started, and what is next?                                                <\/a>\n                      <\/h5>\n                    <\/div>\n                    <div id=\"collapse-4\" class=\"collapse \" aria-labelledby=\"heading-4\" data-parent=\"#accordion\">\n                      <div class=\"card-body\">\n                        <p>Before beginning work, you go through a detailed questionnaire that helps us get to know you better. We take a design fee retainer that is applied to your final invoice.<\/p>\n                      <\/div>\n                    <\/div>\n                  <\/div>\n\n                \n                  <div class=\"card\">\n                    <div class=\"card-header\" id=\"heading-5\">\n                      <h5 class=\"accordion-title\">\n                        <a href=\"javascript:void(0);\" class=\"collapsed\" data-toggle=\"collapse\" data-target=\"#collapse-5\" aria-expanded=\"true\" aria-controls=\"#collapse-5\">\n                          What cities do you work in?                                                <\/a>\n                      <\/h5>\n                    <\/div>\n                    <div id=\"collapse-5\" class=\"collapse \" aria-labelledby=\"heading-5\" data-parent=\"#accordion\">\n                      <div class=\"card-body\">\n                        <p>Exertion Interiors works primarily in Los Angeles and Hawaii with select engagements on the east coast.<\/p>\n                      <\/div>\n                    <\/div>\n                  <\/div>\n\n                              <\/div>\n            <\/div>\n          <\/div>\n        <\/div>\n      <\/div>\n    <\/section>\n\n    [\/vc_column][\/vc_row]<\/p>\n<\/section>","protected":false},"excerpt":{"rendered":"[vc_row overlay_dotted=\u00bb\u00bb css=\u00bb.vc_custom_1548997454479{padding-bottom: 2% !important;}\u00bb][vc_column][\/vc_column][\/vc_row][vc_row full_width=\u00bbstretch_row_content_no_spaces\u00bb overlay_dotted=\u00bb\u00bb el_id=\u00bbdivservicios5&#8243;][vc_column][\/vc_column][\/vc_row][vc_row full_width=\u00bbstretch_row_content_no_spaces\u00bb disable_element=\u00bbyes\u00bb overlay_dotted=\u00bb\u00bb css=\u00bb.vc_custom_1677181248942{padding-top: 8% !important;padding-bottom: 6% !important;background-color: #000000 !important;}\u00bb][vc_column][\/vc_column][\/vc_row][vc_row disable_element=\u00bbyes\u00bb overlay_dotted=\u00bb\u00bb css=\u00bb.vc_custom_1677181255313{padding-top: 10% !important;padding-bottom: 8% !important;}\u00bb][vc_column need_animation=\u00bb\u00bb offset=\u00bbvc_col-lg-6 vc_col-md-12 vc_col-xs-12&#8243; css=\u00bb.vc_custom_1551178124314{margin-bottom: 5% !important;}\u00bb][\/vc_column][vc_column need_animation=\u00bb\u00bb offset=\u00bbvc_col-lg-6 vc_col-md-12 vc_col-xs-12&#8243;][\/vc_column][\/vc_row]","protected":false},"author":1,"featured_media":563,"parent":0,"menu_order":0,"comment_status":"closed","ping_status":"closed","template":"","meta":{"_joinchat":[],"footnotes":""},"class_list":["post-589","page","type-page","status-publish","has-post-thumbnail","hentry"],"_links":{"self":[{"href":"https:\/\/diesiluminacion.mx\/profesionales\/wp-json\/wp\/v2\/pages\/589","targetHints":{"allow":["GET"]}}],"collection":[{"href":"https:\/\/diesiluminacion.mx\/profesionales\/wp-json\/wp\/v2\/pages"}],"about":[{"href":"https:\/\/diesiluminacion.mx\/profesionales\/wp-json\/wp\/v2\/types\/page"}],"author":[{"embeddable":true,"href":"https:\/\/diesiluminacion.mx\/profesionales\/wp-json\/wp\/v2\/users\/1"}],"replies":[{"embeddable":true,"href":"https:\/\/diesiluminacion.mx\/profesionales\/wp-json\/wp\/v2\/comments?post=589"}],"version-history":[{"count":15,"href":"https:\/\/diesiluminacion.mx\/profesionales\/wp-json\/wp\/v2\/pages\/589\/revisions"}],"predecessor-version":[{"id":683,"href":"https:\/\/diesiluminacion.mx\/profesionales\/wp-json\/wp\/v2\/pages\/589\/revisions\/683"}],"wp:featuredmedia":[{"embeddable":true,"href":"https:\/\/diesiluminacion.mx\/profesionales\/wp-json\/wp\/v2\/media\/563"}],"wp:attachment":[{"href":"https:\/\/diesiluminacion.mx\/profesionales\/wp-json\/wp\/v2\/media?parent=589"}],"curies":[{"name":"wp","href":"https:\/\/api.w.org\/{rel}","templated":true}]}}